{"id":4,"date":"2019-03-03T13:20:35","date_gmt":"2019-03-03T12:20:35","guid":{"rendered":"https:\/\/on-tour.blk-online.de\/willkommen-auf-https-on-tour-blk-online-de"},"modified":"2019-05-19T03:31:30","modified_gmt":"2019-05-19T01:31:30","slug":"willkommen-auf-https-on-tour-blk-online-de","status":"publish","type":"page","link":"https:\/\/ontour.blk-online.de\/","title":{"rendered":"Eine neue Reise beginnt"},"content":{"rendered":"<h1><img loading=\"lazy\" decoding=\"async\" class=\"wp-image-272  alignleft\" src=\"https:\/\/ontour.blk-online.de\/wp-content\/uploads\/2019\/03\/ralle1-256x300.jpg\" alt=\"\" width=\"208\" height=\"244\" srcset=\"https:\/\/ontour.blk-online.de\/wp-content\/uploads\/2019\/03\/ralle1-256x300.jpg 256w, https:\/\/ontour.blk-online.de\/wp-content\/uploads\/2019\/03\/ralle1-100x117.jpg 100w, https:\/\/ontour.blk-online.de\/wp-content\/uploads\/2019\/03\/ralle1-150x176.jpg 150w, https:\/\/ontour.blk-online.de\/wp-content\/uploads\/2019\/03\/ralle1-200x234.jpg 200w, https:\/\/ontour.blk-online.de\/wp-content\/uploads\/2019\/03\/ralle1-300x352.jpg 300w, https:\/\/ontour.blk-online.de\/wp-content\/uploads\/2019\/03\/ralle1.jpg 308w\" sizes=\"auto, (max-width: 208px) 100vw, 208px\" \/><\/h1>\r\n\r\n<p>&nbsp;<\/p>\r\n<p><strong><span style=\"font-size: 12pt;\">oder auch&#8230;<\/span><\/strong><span style=\"font-size: 24pt;\"><strong><span class=\"tlid-translation translation\" lang=\"en\"><span class=\"\" title=\"\">ten years later<\/span><\/span><\/strong><\/span>.<\/p>\r\n<p>Ralle on Tour oder besser gesagt \u201eHaut der Kerl schon wieder ab\u201c.<\/p>\r\n<p>Nach meinen Erlebnissen in Australien m\u00f6chte ich nun ein weitere Teile der Welt bereisen und euch daran teilhaben lassen.&nbsp;In diesem Blog nehme ich euch mit in die Welt.&nbsp;<\/p>\r\n<p>Ich werde euch sowohl von meiner Reise als auch von meinen Vorbereitungen, kulturellen Gegebenheiten und eine Einsicht in meine&nbsp;Gedanken geben.&nbsp;<\/p>\r\n<p>Grunds\u00e4tzlich ist es hier m\u00f6glich als \u201estiller\u201c Leser dem Blog zu folgen, d.h. es erfolgt keine Registrierung und ihr k\u00f6nnt auch keine Kommentare hinterlassen. Des Weiteren habt ihr die M\u00f6glichkeit euch zu registrieren und euch mit mir auszutauschen. Die Wahl liegt ganz bei euch.<\/p>\r\n<p>Die Plattform des Blogs nutze ich um Erinnerungen meiner Reise aufzuzeichnen und dient mir als \u201eLogbuch\u201c f\u00fcr Ereignisse. Somit liegt mir eine kommerzielle Verbreitung fern.&nbsp;<\/p>\r\n<p>Viel Spa\u00df bei meinen Erlebnissen!<\/p>\r\n<p>Ach ja bevor ich es vergesse. Obwohl ich studiert habe und der deutschen Sprache mehr oder weniger m\u00e4chtig bin, sind meine linquistischen Kompetenzen nur schwach ausgepr\u00e4gt. Also f\u00fcr alle Rechtschreibfanatiker w\u00fcnsche ich viel Spa\u00df beim Koma setzen und S\u00e4tze verbessern. Jeder braucht eine Aufgabe im Leben.<\/p>\r\n","protected":false},"excerpt":{"rendered":"<p>&nbsp; oder auch&#8230;ten years later. Ralle on Tour oder besser gesagt \u201eHaut der Kerl schon wieder ab\u201c. Nach meinen Erlebnissen in Australien m\u00f6chte ich nun ein weitere Teile der Welt bereisen und euch daran teilhaben lassen.&nbsp;In diesem Blog nehme ich<span class=\"ellipsis\">&hellip;<\/span><\/p>\n<div class=\"read-more\"><a href=\"https:\/\/ontour.blk-online.de\/\">Weiterlesen \u203a<\/a><\/div>\n<p><!-- end of .read-more --><\/p>\n","protected":false},"author":1,"featured_media":0,"parent":0,"menu_order":0,"comment_status":"closed","ping_status":"closed","template":"","meta":{"footnotes":""},"class_list":["post-4","page","type-page","status-publish","hentry"],"_links":{"self":[{"href":"https:\/\/ontour.blk-online.de\/index.php?rest_route=\/wp\/v2\/pages\/4","targetHints":{"allow":["GET"]}}],"collection":[{"href":"https:\/\/ontour.blk-online.de\/index.php?rest_route=\/wp\/v2\/pages"}],"about":[{"href":"https:\/\/ontour.blk-online.de\/index.php?rest_route=\/wp\/v2\/types\/page"}],"author":[{"embeddable":true,"href":"https:\/\/ontour.blk-online.de\/index.php?rest_route=\/wp\/v2\/users\/1"}],"replies":[{"embeddable":true,"href":"https:\/\/ontour.blk-online.de\/index.php?rest_route=%2Fwp%2Fv2%2Fcomments&post=4"}],"version-history":[{"count":22,"href":"https:\/\/ontour.blk-online.de\/index.php?rest_route=\/wp\/v2\/pages\/4\/revisions"}],"predecessor-version":[{"id":419,"href":"https:\/\/ontour.blk-online.de\/index.php?rest_route=\/wp\/v2\/pages\/4\/revisions\/419"}],"wp:attachment":[{"href":"https:\/\/ontour.blk-online.de\/index.php?rest_route=%2Fwp%2Fv2%2Fmedia&parent=4"}],"curies":[{"name":"wp","href":"https:\/\/api.w.org\/{rel}","templated":true}]}}